{"id":6357,"date":"2024-09-22T01:34:10","date_gmt":"2024-09-22T01:34:10","guid":{"rendered":"https:\/\/hotelescasacordoba.com\/?page_id=6357"},"modified":"2024-11-22T20:58:08","modified_gmt":"2024-11-23T01:58:08","slug":"hoteles","status":"publish","type":"page","link":"https:\/\/hotelescasacordoba.com\/en\/hoteles\/","title":{"rendered":"Hotels"},"content":{"rendered":"<div data-elementor-type=\"wp-page\" data-elementor-id=\"6357\" class=\"elementor elementor-6357\" data-elementor-post-type=\"page\">\n\t\t\t\t<div class=\"elementor-element elementor-element-c434180 e-con-full e-flex e-con e-parent\" data-id=\"c434180\" data-element_type=\"container\" data-e-type=\"container\" data-settings=\"{&quot;background_background&quot;:&quot;classic&quot;}\">\n\t\t\t\t<div class=\"elementor-element elementor-element-741ecd0 elementor-widget elementor-widget-woocommerce-breadcrumb\" data-id=\"741ecd0\" data-element_type=\"widget\" data-e-type=\"widget\" data-widget_type=\"woocommerce-breadcrumb.default\">\n\t\t\t\t<div class=\"elementor-widget-container\">\n\t\t\t\t\t<nav class=\"woocommerce-breadcrumb\" aria-label=\"Breadcrumb\" data-no-translation=\"\" data-trp-gettext=\"\">Home<\/nav>\t\t\t\t<\/div>\n\t\t\t\t<\/div>\n\t\t\t\t<\/div>\n\t\t<div class=\"elementor-element elementor-element-51fba69 e-flex e-con-boxed e-con e-parent\" data-id=\"51fba69\" data-element_type=\"container\" data-e-type=\"container\">\n\t\t\t\t\t<div class=\"e-con-inner\">\n\t\t<div class=\"elementor-element elementor-element-e4ecb56 e-con-full e-flex e-con e-child\" data-id=\"e4ecb56\" data-element_type=\"container\" data-e-type=\"container\">\n\t\t\t\t<div class=\"elementor-element elementor-element-f627068 elementor-widget elementor-widget-heading\" data-id=\"f627068\" data-element_type=\"widget\" data-e-type=\"widget\" data-widget_type=\"heading.default\">\n\t\t\t\t<div class=\"elementor-widget-container\">\n\t\t\t\t\t<h5 class=\"elementor-heading-title elementor-size-default\">En Nuestros Hoteles Contamos con estructuras que guardan todos los aspectos esenciales de nuestras propiedades, en nuestras habitaciones puedes vivir los contrastes que van desde la experiencia colonial de nuestras casas en el centro hasta la tranquilidad en las playas de Bar\u00fa.<\/h5>\t\t\t\t<\/div>\n\t\t\t\t<\/div>\n\t\t\t\t<\/div>\n\t\t\t\t\t<\/div>\n\t\t\t\t<\/div>\n\t\t<div class=\"elementor-element elementor-element-10dc6c5 e-flex e-con-boxed e-con e-parent\" data-id=\"10dc6c5\" data-element_type=\"container\" data-e-type=\"container\">\n\t\t\t\t\t<div class=\"e-con-inner\">\n\t\t<div class=\"elementor-element elementor-element-2a62655 e-con-full e-flex e-con e-child\" data-id=\"2a62655\" data-element_type=\"container\" data-e-type=\"container\">\n\t\t\t\t<div class=\"elementor-element elementor-element-34f85e6 elementor-widget elementor-widget-image\" data-id=\"34f85e6\" data-element_type=\"widget\" data-e-type=\"widget\" data-widget_type=\"image.default\">\n\t\t\t\t<div class=\"elementor-widget-container\">\n\t\t\t\t\t\t\t\t\t\t\t\t\t\t\t<img fetchpriority=\"high\" decoding=\"async\" width=\"800\" height=\"1013\" src=\"https:\/\/hotelescasacordoba.com\/wp-content\/uploads\/2024\/09\/img-1-809x1024.jpg\" class=\"attachment-large size-large wp-image-6397\" alt=\"\" srcset=\"https:\/\/hotelescasacordoba.com\/wp-content\/uploads\/2024\/09\/img-1-809x1024.jpg 809w, https:\/\/hotelescasacordoba.com\/wp-content\/uploads\/2024\/09\/img-1-237x300.jpg 237w, https:\/\/hotelescasacordoba.com\/wp-content\/uploads\/2024\/09\/img-1-768x972.jpg 768w, https:\/\/hotelescasacordoba.com\/wp-content\/uploads\/2024\/09\/img-1-1213x1536.jpg 1213w, https:\/\/hotelescasacordoba.com\/wp-content\/uploads\/2024\/09\/img-1-9x12.jpg 9w, https:\/\/hotelescasacordoba.com\/wp-content\/uploads\/2024\/09\/img-1-600x760.jpg 600w, https:\/\/hotelescasacordoba.com\/wp-content\/uploads\/2024\/09\/img-1.jpg 1428w\" sizes=\"(max-width: 800px) 100vw, 800px\" \/>\t\t\t\t\t\t\t\t\t\t\t\t\t\t\t<\/div>\n\t\t\t\t<\/div>\n\t\t\t\t<\/div>\n\t\t<div class=\"elementor-element elementor-element-83b6cfe e-con-full e-flex e-con e-child\" data-id=\"83b6cfe\" data-element_type=\"container\" data-e-type=\"container\">\n\t\t<div class=\"elementor-element elementor-element-d4d3e2f e-con-full card-hoteles-a e-flex e-con e-child\" data-id=\"d4d3e2f\" data-element_type=\"container\" data-e-type=\"container\" data-settings=\"{&quot;background_background&quot;:&quot;classic&quot;}\">\n\t\t\t\t<div class=\"elementor-element elementor-element-8b82608 elementor-widget elementor-widget-heading\" data-id=\"8b82608\" data-element_type=\"widget\" data-e-type=\"widget\" data-widget_type=\"heading.default\">\n\t\t\t\t<div class=\"elementor-widget-container\">\n\t\t\t\t\t<h2 class=\"elementor-heading-title elementor-size-default\">Hotel Casa C\u00f3rdoba Bar\u00fa<\/h2>\t\t\t\t<\/div>\n\t\t\t\t<\/div>\n\t\t\t\t<div class=\"elementor-element elementor-element-6c263ca elementor-widget elementor-widget-text-editor\" data-id=\"6c263ca\" data-element_type=\"widget\" data-e-type=\"widget\" data-widget_type=\"text-editor.default\">\n\t\t\t\t<div class=\"elementor-widget-container\">\n\t\t\t\t\t\t\t\t\t<p>Ubicado en la exclusiva isla de Bar\u00fa, a aproximadamente 60 minutos en lancha r\u00e1pida o 90 minutos por v\u00eda terrestre desde Cartagena, encontrar\u00e1s un refugio \u00fanico que te promete una experiencia inolvidable de desconexi\u00f3n total. Nuestro complejo cuenta con tres encantadoras casas de playa construidas en madera y pintadas en colores pastel, siguiendo la aut\u00e9ntica arquitectura isle\u00f1a caribe\u00f1a.<\/p>\t\t\t\t\t\t\t\t<\/div>\n\t\t\t\t<\/div>\n\t\t\t\t<div class=\"elementor-element elementor-element-2811dc4 btn-plus elementor-icon-list--layout-traditional elementor-list-item-link-full_width elementor-widget elementor-widget-icon-list\" data-id=\"2811dc4\" data-element_type=\"widget\" data-e-type=\"widget\" data-widget_type=\"icon-list.default\">\n\t\t\t\t<div class=\"elementor-widget-container\">\n\t\t\t\t\t\t\t<ul class=\"elementor-icon-list-items\">\n\t\t\t\t\t\t\t<li class=\"elementor-icon-list-item\">\n\t\t\t\t\t\t\t\t\t\t\t<a href=\"https:\/\/hotelescasacordoba.com\/en\/hotel-casa-cordoba-baru\/\">\n\n\t\t\t\t\t\t\t\t\t\t\t\t<span class=\"elementor-icon-list-icon\">\n\t\t\t\t\t\t\t<svg aria-hidden=\"true\" class=\"e-font-icon-svg e-fas-plus\" viewbox=\"0 0 448 512\" xmlns=\"http:\/\/www.w3.org\/2000\/svg\"><path d=\"M416 208H272V64c0-17.67-14.33-32-32-32h-32c-17.67 0-32 14.33-32 32v144H32c-17.67 0-32 14.33-32 32v32c0 17.67 14.33 32 32 32h144v144c0 17.67 14.33 32 32 32h32c17.67 0 32-14.33 32-32V304h144c17.67 0 32-14.33 32-32v-32c0-17.67-14.33-32-32-32z\"><\/path><\/svg>\t\t\t\t\t\t<\/span>\n\t\t\t\t\t\t\t\t\t\t<span class=\"elementor-icon-list-text\">Saber M\u00e1s<\/span>\n\t\t\t\t\t\t\t\t\t\t\t<\/a>\n\t\t\t\t\t\t\t\t\t<\/li>\n\t\t\t\t\t\t<\/ul>\n\t\t\t\t\t\t<\/div>\n\t\t\t\t<\/div>\n\t\t\t\t<\/div>\n\t\t\t\t<\/div>\n\t\t\t\t\t<\/div>\n\t\t\t\t<\/div>\n\t\t<div class=\"elementor-element elementor-element-ae570e9 e-flex e-con-boxed e-con e-parent\" data-id=\"ae570e9\" data-element_type=\"container\" data-e-type=\"container\">\n\t\t\t\t\t<div class=\"e-con-inner\">\n\t\t<div class=\"elementor-element elementor-element-986536c e-con-full e-flex e-con e-child\" data-id=\"986536c\" data-element_type=\"container\" data-e-type=\"container\">\n\t\t<div class=\"elementor-element elementor-element-0d9f9cd e-con-full card-hoteles-b e-flex e-con e-child\" data-id=\"0d9f9cd\" data-element_type=\"container\" data-e-type=\"container\" data-settings=\"{&quot;background_background&quot;:&quot;classic&quot;}\">\n\t\t\t\t<div class=\"elementor-element elementor-element-888bc63 elementor-widget elementor-widget-heading\" data-id=\"888bc63\" data-element_type=\"widget\" data-e-type=\"widget\" data-widget_type=\"heading.default\">\n\t\t\t\t<div class=\"elementor-widget-container\">\n\t\t\t\t\t<h2 class=\"elementor-heading-title elementor-size-default\">Hotel Casa C\u00f3rdoba Rom\u00e1n<\/h2>\t\t\t\t<\/div>\n\t\t\t\t<\/div>\n\t\t\t\t<div class=\"elementor-element elementor-element-dfc54eb elementor-widget elementor-widget-text-editor\" data-id=\"dfc54eb\" data-element_type=\"widget\" data-e-type=\"widget\" data-widget_type=\"text-editor.default\">\n\t\t\t\t<div class=\"elementor-widget-container\">\n\t\t\t\t\t\t\t\t\t<p>Vive la Esencia Vibrante de Cartagena en Pleno Centro Hist\u00f3rico, ubicada en la animada calle Rom\u00e1n, Casa C\u00f3rdoba Rom\u00e1n te invita a disfrutar de una experiencia \u00fanica a tan solo unos pasos de la Catedral y la emblem\u00e1tica Plaza de la Aduana. Rodeada de comercios t\u00edpicos, restaurantes y bares de moda, nuestra ubicaci\u00f3n te sumerge en la energ\u00eda y el encanto de Cartagena.<\/p>\t\t\t\t\t\t\t\t<\/div>\n\t\t\t\t<\/div>\n\t\t\t\t<div class=\"elementor-element elementor-element-db753d1 btn-plus elementor-icon-list--layout-traditional elementor-list-item-link-full_width elementor-widget elementor-widget-icon-list\" data-id=\"db753d1\" data-element_type=\"widget\" data-e-type=\"widget\" data-widget_type=\"icon-list.default\">\n\t\t\t\t<div class=\"elementor-widget-container\">\n\t\t\t\t\t\t\t<ul class=\"elementor-icon-list-items\">\n\t\t\t\t\t\t\t<li class=\"elementor-icon-list-item\">\n\t\t\t\t\t\t\t\t\t\t\t<a href=\"https:\/\/hotelescasacordoba.com\/en\/hotel-casa-cordoba-roman\/\">\n\n\t\t\t\t\t\t\t\t\t\t\t\t<span class=\"elementor-icon-list-icon\">\n\t\t\t\t\t\t\t<svg aria-hidden=\"true\" class=\"e-font-icon-svg e-fas-plus\" viewbox=\"0 0 448 512\" xmlns=\"http:\/\/www.w3.org\/2000\/svg\"><path d=\"M416 208H272V64c0-17.67-14.33-32-32-32h-32c-17.67 0-32 14.33-32 32v144H32c-17.67 0-32 14.33-32 32v32c0 17.67 14.33 32 32 32h144v144c0 17.67 14.33 32 32 32h32c17.67 0 32-14.33 32-32V304h144c17.67 0 32-14.33 32-32v-32c0-17.67-14.33-32-32-32z\"><\/path><\/svg>\t\t\t\t\t\t<\/span>\n\t\t\t\t\t\t\t\t\t\t<span class=\"elementor-icon-list-text\">Saber M\u00e1s<\/span>\n\t\t\t\t\t\t\t\t\t\t\t<\/a>\n\t\t\t\t\t\t\t\t\t<\/li>\n\t\t\t\t\t\t<\/ul>\n\t\t\t\t\t\t<\/div>\n\t\t\t\t<\/div>\n\t\t\t\t<\/div>\n\t\t\t\t<\/div>\n\t\t<div class=\"elementor-element elementor-element-04b6bcf e-con-full e-flex e-con e-child\" data-id=\"04b6bcf\" data-element_type=\"container\" data-e-type=\"container\">\n\t\t\t\t<div class=\"elementor-element elementor-element-f98800a elementor-widget elementor-widget-image\" data-id=\"f98800a\" data-element_type=\"widget\" data-e-type=\"widget\" data-widget_type=\"image.default\">\n\t\t\t\t<div class=\"elementor-widget-container\">\n\t\t\t\t\t\t\t\t\t\t\t\t\t\t\t<img decoding=\"async\" width=\"800\" height=\"1013\" src=\"https:\/\/hotelescasacordoba.com\/wp-content\/uploads\/2024\/09\/img-2-809x1024.jpg\" class=\"attachment-large size-large wp-image-6398\" alt=\"\" srcset=\"https:\/\/hotelescasacordoba.com\/wp-content\/uploads\/2024\/09\/img-2-809x1024.jpg 809w, https:\/\/hotelescasacordoba.com\/wp-content\/uploads\/2024\/09\/img-2-237x300.jpg 237w, https:\/\/hotelescasacordoba.com\/wp-content\/uploads\/2024\/09\/img-2-768x972.jpg 768w, https:\/\/hotelescasacordoba.com\/wp-content\/uploads\/2024\/09\/img-2-1213x1536.jpg 1213w, https:\/\/hotelescasacordoba.com\/wp-content\/uploads\/2024\/09\/img-2-9x12.jpg 9w, https:\/\/hotelescasacordoba.com\/wp-content\/uploads\/2024\/09\/img-2-600x760.jpg 600w, https:\/\/hotelescasacordoba.com\/wp-content\/uploads\/2024\/09\/img-2.jpg 1428w\" sizes=\"(max-width: 800px) 100vw, 800px\" \/>\t\t\t\t\t\t\t\t\t\t\t\t\t\t\t<\/div>\n\t\t\t\t<\/div>\n\t\t\t\t<\/div>\n\t\t\t\t\t<\/div>\n\t\t\t\t<\/div>\n\t\t<div class=\"elementor-element elementor-element-002d7f6 e-flex e-con-boxed e-con e-parent\" data-id=\"002d7f6\" data-element_type=\"container\" data-e-type=\"container\">\n\t\t\t\t\t<div class=\"e-con-inner\">\n\t\t<div class=\"elementor-element elementor-element-fca29f5 e-con-full e-flex e-con e-child\" data-id=\"fca29f5\" data-element_type=\"container\" data-e-type=\"container\">\n\t\t\t\t<div class=\"elementor-element elementor-element-b42c6c9 elementor-widget elementor-widget-image\" data-id=\"b42c6c9\" data-element_type=\"widget\" data-e-type=\"widget\" data-widget_type=\"image.default\">\n\t\t\t\t<div class=\"elementor-widget-container\">\n\t\t\t\t\t\t\t\t\t\t\t\t\t\t\t<img decoding=\"async\" width=\"800\" height=\"1013\" src=\"https:\/\/hotelescasacordoba.com\/wp-content\/uploads\/2024\/09\/img-3-809x1024.jpg\" class=\"attachment-large size-large wp-image-6399\" alt=\"\" srcset=\"https:\/\/hotelescasacordoba.com\/wp-content\/uploads\/2024\/09\/img-3-809x1024.jpg 809w, https:\/\/hotelescasacordoba.com\/wp-content\/uploads\/2024\/09\/img-3-237x300.jpg 237w, https:\/\/hotelescasacordoba.com\/wp-content\/uploads\/2024\/09\/img-3-768x972.jpg 768w, https:\/\/hotelescasacordoba.com\/wp-content\/uploads\/2024\/09\/img-3-1213x1536.jpg 1213w, https:\/\/hotelescasacordoba.com\/wp-content\/uploads\/2024\/09\/img-3-9x12.jpg 9w, https:\/\/hotelescasacordoba.com\/wp-content\/uploads\/2024\/09\/img-3-600x760.jpg 600w, https:\/\/hotelescasacordoba.com\/wp-content\/uploads\/2024\/09\/img-3.jpg 1428w\" sizes=\"(max-width: 800px) 100vw, 800px\" \/>\t\t\t\t\t\t\t\t\t\t\t\t\t\t\t<\/div>\n\t\t\t\t<\/div>\n\t\t\t\t<\/div>\n\t\t<div class=\"elementor-element elementor-element-17119eb e-con-full e-flex e-con e-child\" data-id=\"17119eb\" data-element_type=\"container\" data-e-type=\"container\">\n\t\t<div class=\"elementor-element elementor-element-dcd7c6f e-con-full card-hoteles-c e-flex e-con e-child\" data-id=\"dcd7c6f\" data-element_type=\"container\" data-e-type=\"container\" data-settings=\"{&quot;background_background&quot;:&quot;classic&quot;}\">\n\t\t\t\t<div class=\"elementor-element elementor-element-dc450c2 elementor-widget elementor-widget-heading\" data-id=\"dc450c2\" data-element_type=\"widget\" data-e-type=\"widget\" data-widget_type=\"heading.default\">\n\t\t\t\t<div class=\"elementor-widget-container\">\n\t\t\t\t\t<h2 class=\"elementor-heading-title elementor-size-default\">Hotel Casa C\u00f3rdoba Estrella<\/h2>\t\t\t\t<\/div>\n\t\t\t\t<\/div>\n\t\t\t\t<div class=\"elementor-element elementor-element-3959d47 elementor-widget elementor-widget-text-editor\" data-id=\"3959d47\" data-element_type=\"widget\" data-e-type=\"widget\" data-widget_type=\"text-editor.default\">\n\t\t\t\t<div class=\"elementor-widget-container\">\n\t\t\t\t\t\t\t\t\t<p>Una Joya Colonial en el Coraz\u00f3n de Cartagena, ubicado en la pintoresca Calle de la Estrella, reconocida como una de las m\u00e1s bonitas de Cartagena, Casa C\u00f3rdoba Estrella te invita a vivir una experiencia aut\u00e9ntica en una casa colonial del siglo XVII, meticulosamente restaurada.<\/p>\t\t\t\t\t\t\t\t<\/div>\n\t\t\t\t<\/div>\n\t\t\t\t<div class=\"elementor-element elementor-element-ed7f081 btn-plus elementor-icon-list--layout-traditional elementor-list-item-link-full_width elementor-widget elementor-widget-icon-list\" data-id=\"ed7f081\" data-element_type=\"widget\" data-e-type=\"widget\" data-widget_type=\"icon-list.default\">\n\t\t\t\t<div class=\"elementor-widget-container\">\n\t\t\t\t\t\t\t<ul class=\"elementor-icon-list-items\">\n\t\t\t\t\t\t\t<li class=\"elementor-icon-list-item\">\n\t\t\t\t\t\t\t\t\t\t\t<a href=\"https:\/\/hotelescasacordoba.com\/en\/hotel-boutique-casa-cordoba-estrella\/\">\n\n\t\t\t\t\t\t\t\t\t\t\t\t<span class=\"elementor-icon-list-icon\">\n\t\t\t\t\t\t\t<svg aria-hidden=\"true\" class=\"e-font-icon-svg e-fas-plus\" viewbox=\"0 0 448 512\" xmlns=\"http:\/\/www.w3.org\/2000\/svg\"><path d=\"M416 208H272V64c0-17.67-14.33-32-32-32h-32c-17.67 0-32 14.33-32 32v144H32c-17.67 0-32 14.33-32 32v32c0 17.67 14.33 32 32 32h144v144c0 17.67 14.33 32 32 32h32c17.67 0 32-14.33 32-32V304h144c17.67 0 32-14.33 32-32v-32c0-17.67-14.33-32-32-32z\"><\/path><\/svg>\t\t\t\t\t\t<\/span>\n\t\t\t\t\t\t\t\t\t\t<span class=\"elementor-icon-list-text\">Saber M\u00e1s<\/span>\n\t\t\t\t\t\t\t\t\t\t\t<\/a>\n\t\t\t\t\t\t\t\t\t<\/li>\n\t\t\t\t\t\t<\/ul>\n\t\t\t\t\t\t<\/div>\n\t\t\t\t<\/div>\n\t\t\t\t<\/div>\n\t\t\t\t<\/div>\n\t\t\t\t\t<\/div>\n\t\t\t\t<\/div>\n\t\t\t\t<\/div>","protected":false},"excerpt":{"rendered":"<p>En Nuestros Hoteles Contamos con estructuras que guardan todos los aspectos esenciales de nuestras propiedades, en nuestras habitaciones puedes vivir los contrastes que van desde la experiencia colonial de nuestras [&hellip;]<\/p>\n","protected":false},"author":1,"featured_media":5762,"parent":0,"menu_order":0,"comment_status":"closed","ping_status":"closed","template":"","meta":{"footnotes":""},"class_list":["post-6357","page","type-page","status-publish","has-post-thumbnail","hentry"],"yoast_head":"<!-- This site is optimized with the Yoast SEO plugin v27.5 - https:\/\/yoast.com\/product\/yoast-seo-wordpress\/ -->\n<title>Hoteles - Hoteles Casa Cordoba<\/title>\n<meta name=\"robots\" content=\"index, follow, max-snippet:-1, max-image-preview:large, max-video-preview:-1\" \/>\n<link rel=\"canonical\" href=\"https:\/\/hotelescasacordoba.com\/en\/hoteles\/\" \/>\n<meta property=\"og:locale\" content=\"en_US\" \/>\n<meta property=\"og:type\" content=\"article\" \/>\n<meta property=\"og:title\" content=\"Hoteles - Hoteles Casa Cordoba\" \/>\n<meta property=\"og:description\" content=\"En Nuestros Hoteles Contamos con estructuras que guardan todos los aspectos esenciales de nuestras propiedades, en nuestras habitaciones puedes vivir los contrastes que van desde la experiencia colonial de nuestras [&hellip;]\" \/>\n<meta property=\"og:url\" content=\"https:\/\/hotelescasacordoba.com\/en\/hoteles\/\" \/>\n<meta property=\"og:site_name\" content=\"Hoteles Casa Cordoba\" \/>\n<meta property=\"article:publisher\" content=\"https:\/\/www.facebook.com\/pages\/Casa-Cordoba-Estrella\/379947089430569\" \/>\n<meta property=\"article:modified_time\" content=\"2024-11-23T01:58:08+00:00\" \/>\n<meta property=\"og:image\" content=\"https:\/\/hotelescasacordoba.com\/wp-content\/uploads\/revslider\/home_style_1\/bitmap-1024x768.png\" \/>\n\t<meta property=\"og:image:width\" content=\"1024\" \/>\n\t<meta property=\"og:image:height\" content=\"768\" \/>\n\t<meta property=\"og:image:type\" content=\"image\/png\" \/>\n<meta name=\"twitter:card\" content=\"summary_large_image\" \/>\n<meta name=\"twitter:label1\" content=\"Est. reading time\" \/>\n\t<meta name=\"twitter:data1\" content=\"2 minutes\" \/>\n<script type=\"application\/ld+json\" class=\"yoast-schema-graph\">{\"@context\":\"https:\\\/\\\/schema.org\",\"@graph\":[{\"@type\":\"WebPage\",\"@id\":\"https:\\\/\\\/hotelescasacordoba.com\\\/hoteles\\\/\",\"url\":\"https:\\\/\\\/hotelescasacordoba.com\\\/hoteles\\\/\",\"name\":\"Hoteles - Hoteles Casa Cordoba\",\"isPartOf\":{\"@id\":\"https:\\\/\\\/hotelescasacordoba.com\\\/#website\"},\"primaryImageOfPage\":{\"@id\":\"https:\\\/\\\/hotelescasacordoba.com\\\/hoteles\\\/#primaryimage\"},\"image\":{\"@id\":\"https:\\\/\\\/hotelescasacordoba.com\\\/hoteles\\\/#primaryimage\"},\"thumbnailUrl\":\"https:\\\/\\\/hotelescasacordoba.com\\\/wp-content\\\/uploads\\\/revslider\\\/home_style_1\\\/bitmap.png\",\"datePublished\":\"2024-09-22T01:34:10+00:00\",\"dateModified\":\"2024-11-23T01:58:08+00:00\",\"breadcrumb\":{\"@id\":\"https:\\\/\\\/hotelescasacordoba.com\\\/hoteles\\\/#breadcrumb\"},\"inLanguage\":\"en-US\",\"potentialAction\":[{\"@type\":\"ReadAction\",\"target\":[\"https:\\\/\\\/hotelescasacordoba.com\\\/hoteles\\\/\"]}]},{\"@type\":\"ImageObject\",\"inLanguage\":\"en-US\",\"@id\":\"https:\\\/\\\/hotelescasacordoba.com\\\/hoteles\\\/#primaryimage\",\"url\":\"https:\\\/\\\/hotelescasacordoba.com\\\/wp-content\\\/uploads\\\/revslider\\\/home_style_1\\\/bitmap.png\",\"contentUrl\":\"https:\\\/\\\/hotelescasacordoba.com\\\/wp-content\\\/uploads\\\/revslider\\\/home_style_1\\\/bitmap.png\",\"width\":1920,\"height\":1440},{\"@type\":\"BreadcrumbList\",\"@id\":\"https:\\\/\\\/hotelescasacordoba.com\\\/hoteles\\\/#breadcrumb\",\"itemListElement\":[{\"@type\":\"ListItem\",\"position\":1,\"name\":\"Portada\",\"item\":\"https:\\\/\\\/hotelescasacordoba.com\\\/\"},{\"@type\":\"ListItem\",\"position\":2,\"name\":\"Hoteles\"}]},{\"@type\":\"WebSite\",\"@id\":\"https:\\\/\\\/hotelescasacordoba.com\\\/#website\",\"url\":\"https:\\\/\\\/hotelescasacordoba.com\\\/\",\"name\":\"Hoteles Casa Cordoba\",\"description\":\"El Grupo Casa C\u00f3rdoba le ofrece una experiencia \u00fanica en Cartagena de Indias e Isla Bar\u00fa. Disfrute de la historia y encanto de la ciudad amurallada en nuestras propiedades coloniales, con sol\u00e1riums y balcones llenos de flores. O rel\u00e1jese en las paradis\u00edacas playas de Bar\u00fa, con arena blanca y aguas cristalinas. Viva lo mejor de la cultura y la naturaleza con nosotros.\",\"publisher\":{\"@id\":\"https:\\\/\\\/hotelescasacordoba.com\\\/#organization\"},\"potentialAction\":[{\"@type\":\"SearchAction\",\"target\":{\"@type\":\"EntryPoint\",\"urlTemplate\":\"https:\\\/\\\/hotelescasacordoba.com\\\/?s={search_term_string}\"},\"query-input\":{\"@type\":\"PropertyValueSpecification\",\"valueRequired\":true,\"valueName\":\"search_term_string\"}}],\"inLanguage\":\"en-US\"},{\"@type\":\"Organization\",\"@id\":\"https:\\\/\\\/hotelescasacordoba.com\\\/#organization\",\"name\":\"Hoteles Casa C\u00f3rdoba\",\"url\":\"https:\\\/\\\/hotelescasacordoba.com\\\/\",\"logo\":{\"@type\":\"ImageObject\",\"inLanguage\":\"en-US\",\"@id\":\"https:\\\/\\\/hotelescasacordoba.com\\\/#\\\/schema\\\/logo\\\/image\\\/\",\"url\":\"https:\\\/\\\/hotelescasacordoba.com\\\/wp-content\\\/uploads\\\/2021\\\/09\\\/Logo-Casa-Cordoba-2021.jpg\",\"contentUrl\":\"https:\\\/\\\/hotelescasacordoba.com\\\/wp-content\\\/uploads\\\/2021\\\/09\\\/Logo-Casa-Cordoba-2021.jpg\",\"width\":322,\"height\":386,\"caption\":\"Hoteles Casa C\u00f3rdoba\"},\"image\":{\"@id\":\"https:\\\/\\\/hotelescasacordoba.com\\\/#\\\/schema\\\/logo\\\/image\\\/\"},\"sameAs\":[\"https:\\\/\\\/www.facebook.com\\\/pages\\\/Casa-Cordoba-Estrella\\\/379947089430569\",\"https:\\\/\\\/www.instagram.com\\\/hotelescasacordoba\\\/\"]}]}<\/script>\n<!-- \/ Yoast SEO plugin. -->","yoast_head_json":{"title":"Hoteles - Hoteles Casa Cordoba","robots":{"index":"index","follow":"follow","max-snippet":"max-snippet:-1","max-image-preview":"max-image-preview:large","max-video-preview":"max-video-preview:-1"},"canonical":"https:\/\/hotelescasacordoba.com\/en\/hoteles\/","og_locale":"en_US","og_type":"article","og_title":"Hoteles - Hoteles Casa Cordoba","og_description":"En Nuestros Hoteles Contamos con estructuras que guardan todos los aspectos esenciales de nuestras propiedades, en nuestras habitaciones puedes vivir los contrastes que van desde la experiencia colonial de nuestras [&hellip;]","og_url":"https:\/\/hotelescasacordoba.com\/en\/hoteles\/","og_site_name":"Hoteles Casa Cordoba","article_publisher":"https:\/\/www.facebook.com\/pages\/Casa-Cordoba-Estrella\/379947089430569","article_modified_time":"2024-11-23T01:58:08+00:00","og_image":[{"width":1024,"height":768,"url":"https:\/\/hotelescasacordoba.com\/wp-content\/uploads\/revslider\/home_style_1\/bitmap-1024x768.png","type":"image\/png"}],"twitter_card":"summary_large_image","twitter_misc":{"Est. reading time":"2 minutes"},"schema":{"@context":"https:\/\/schema.org","@graph":[{"@type":"WebPage","@id":"https:\/\/hotelescasacordoba.com\/hoteles\/","url":"https:\/\/hotelescasacordoba.com\/hoteles\/","name":"Hoteles - Hoteles Casa Cordoba","isPartOf":{"@id":"https:\/\/hotelescasacordoba.com\/#website"},"primaryImageOfPage":{"@id":"https:\/\/hotelescasacordoba.com\/hoteles\/#primaryimage"},"image":{"@id":"https:\/\/hotelescasacordoba.com\/hoteles\/#primaryimage"},"thumbnailUrl":"https:\/\/hotelescasacordoba.com\/wp-content\/uploads\/revslider\/home_style_1\/bitmap.png","datePublished":"2024-09-22T01:34:10+00:00","dateModified":"2024-11-23T01:58:08+00:00","breadcrumb":{"@id":"https:\/\/hotelescasacordoba.com\/hoteles\/#breadcrumb"},"inLanguage":"en-US","potentialAction":[{"@type":"ReadAction","target":["https:\/\/hotelescasacordoba.com\/hoteles\/"]}]},{"@type":"ImageObject","inLanguage":"en-US","@id":"https:\/\/hotelescasacordoba.com\/hoteles\/#primaryimage","url":"https:\/\/hotelescasacordoba.com\/wp-content\/uploads\/revslider\/home_style_1\/bitmap.png","contentUrl":"https:\/\/hotelescasacordoba.com\/wp-content\/uploads\/revslider\/home_style_1\/bitmap.png","width":1920,"height":1440},{"@type":"BreadcrumbList","@id":"https:\/\/hotelescasacordoba.com\/hoteles\/#breadcrumb","itemListElement":[{"@type":"ListItem","position":1,"name":"Portada","item":"https:\/\/hotelescasacordoba.com\/"},{"@type":"ListItem","position":2,"name":"Hoteles"}]},{"@type":"WebSite","@id":"https:\/\/hotelescasacordoba.com\/#website","url":"https:\/\/hotelescasacordoba.com\/","name":"Hoteles Casa Cordoba","description":"El Grupo Casa C\u00f3rdoba le ofrece una experiencia \u00fanica en Cartagena de Indias e Isla Bar\u00fa. Disfrute de la historia y encanto de la ciudad amurallada en nuestras propiedades coloniales, con sol\u00e1riums y balcones llenos de flores. O rel\u00e1jese en las paradis\u00edacas playas de Bar\u00fa, con arena blanca y aguas cristalinas. Viva lo mejor de la cultura y la naturaleza con nosotros.","publisher":{"@id":"https:\/\/hotelescasacordoba.com\/#organization"},"potentialAction":[{"@type":"SearchAction","target":{"@type":"EntryPoint","urlTemplate":"https:\/\/hotelescasacordoba.com\/?s={search_term_string}"},"query-input":{"@type":"PropertyValueSpecification","valueRequired":true,"valueName":"search_term_string"}}],"inLanguage":"en-US"},{"@type":"Organization","@id":"https:\/\/hotelescasacordoba.com\/#organization","name":"Hoteles Casa C\u00f3rdoba","url":"https:\/\/hotelescasacordoba.com\/","logo":{"@type":"ImageObject","inLanguage":"en-US","@id":"https:\/\/hotelescasacordoba.com\/#\/schema\/logo\/image\/","url":"https:\/\/hotelescasacordoba.com\/wp-content\/uploads\/2021\/09\/Logo-Casa-Cordoba-2021.jpg","contentUrl":"https:\/\/hotelescasacordoba.com\/wp-content\/uploads\/2021\/09\/Logo-Casa-Cordoba-2021.jpg","width":322,"height":386,"caption":"Hoteles Casa C\u00f3rdoba"},"image":{"@id":"https:\/\/hotelescasacordoba.com\/#\/schema\/logo\/image\/"},"sameAs":["https:\/\/www.facebook.com\/pages\/Casa-Cordoba-Estrella\/379947089430569","https:\/\/www.instagram.com\/hotelescasacordoba\/"]}]}},"_links":{"self":[{"href":"https:\/\/hotelescasacordoba.com\/en\/wp-json\/wp\/v2\/pages\/6357","targetHints":{"allow":["GET"]}}],"collection":[{"href":"https:\/\/hotelescasacordoba.com\/en\/wp-json\/wp\/v2\/pages"}],"about":[{"href":"https:\/\/hotelescasacordoba.com\/en\/wp-json\/wp\/v2\/types\/page"}],"author":[{"embeddable":true,"href":"https:\/\/hotelescasacordoba.com\/en\/wp-json\/wp\/v2\/users\/1"}],"replies":[{"embeddable":true,"href":"https:\/\/hotelescasacordoba.com\/en\/wp-json\/wp\/v2\/comments?post=6357"}],"version-history":[{"count":94,"href":"https:\/\/hotelescasacordoba.com\/en\/wp-json\/wp\/v2\/pages\/6357\/revisions"}],"predecessor-version":[{"id":7902,"href":"https:\/\/hotelescasacordoba.com\/en\/wp-json\/wp\/v2\/pages\/6357\/revisions\/7902"}],"wp:featuredmedia":[{"embeddable":true,"href":"https:\/\/hotelescasacordoba.com\/en\/wp-json\/wp\/v2\/media\/5762"}],"wp:attachment":[{"href":"https:\/\/hotelescasacordoba.com\/en\/wp-json\/wp\/v2\/media?parent=6357"}],"curies":[{"name":"wp","href":"https:\/\/api.w.org\/{rel}","templated":true}]}}