{"id":8370,"date":"2024-10-23T10:34:29","date_gmt":"2024-10-23T15:34:29","guid":{"rendered":"https:\/\/hotelescasacordoba.com\/?page_id=8370"},"modified":"2024-10-23T11:14:30","modified_gmt":"2024-10-23T16:14:30","slug":"politicas-y-condiciones","status":"publish","type":"page","link":"https:\/\/hotelescasacordoba.com\/en\/politicas-y-condiciones\/","title":{"rendered":"Pol\u00edticas y Condiciones"},"content":{"rendered":"<div data-elementor-type=\"wp-page\" data-elementor-id=\"8370\" class=\"elementor elementor-8370\" data-elementor-post-type=\"page\">\n\t\t\t\t<div class=\"elementor-element elementor-element-d40c6b2 e-con-full e-flex e-con e-parent\" data-id=\"d40c6b2\" data-element_type=\"container\" data-e-type=\"container\" data-settings=\"{&quot;background_background&quot;:&quot;classic&quot;}\">\n\t\t\t\t<div class=\"elementor-element elementor-element-2eaa3dd elementor-widget elementor-widget-woocommerce-breadcrumb\" data-id=\"2eaa3dd\" data-element_type=\"widget\" data-e-type=\"widget\" data-widget_type=\"woocommerce-breadcrumb.default\">\n\t\t\t\t<div class=\"elementor-widget-container\">\n\t\t\t\t\t<nav class=\"woocommerce-breadcrumb\" aria-label=\"Breadcrumb\" data-no-translation=\"\" data-trp-gettext=\"\">Home<\/nav>\t\t\t\t<\/div>\n\t\t\t\t<\/div>\n\t\t\t\t<\/div>\n\t\t<div class=\"elementor-element elementor-element-6194e3bf e-flex e-con-boxed e-con e-parent\" data-id=\"6194e3bf\" data-element_type=\"container\" data-e-type=\"container\">\n\t\t\t\t\t<div class=\"e-con-inner\">\n\t\t\t\t<div class=\"elementor-element elementor-element-56c0b659 elementor-widget elementor-widget-text-editor\" data-id=\"56c0b659\" data-element_type=\"widget\" data-e-type=\"widget\" data-widget_type=\"text-editor.default\">\n\t\t\t\t<div class=\"elementor-widget-container\">\n\t\t\t\t\t\t\t\t\t\n<ol class=\"wp-block-list\">\n<li>Mediante el presente Contrato la propiedad conocida como \u201d Casa C\u00f3rdoba \u201d (denominada de ahora en adelante \u201cla Propiedad\u201d) ofrece el alquiler por intermedio de CASA CORDOBA SAS una sociedad registrada en Cartagena en, Centro Hist\u00f3rico, Calle Estrella 4-27, Calle Rom\u00e1n 5-21, Calle Cabal 32-18 and Bar\u00fa Pen\u00ednsula, Carretera v\u00eda Bar\u00fa Km 10 \u2013 348, Colombia (denominado en lo sucesivo \u201cel Agente\u201d) al inquilino (denominado en adelante \u201cel Cliente\u201d). La propiedad, podr\u00e1 ser ofrecida y\/o alquilada de tres formas, toda la casa alquilada de manera exclusiva, un apartamento individual o, una habitaci\u00f3n individual. El Cliente reconoce que el precio del alquiler de la totalidad de la propriedad es mayor que el precio del alquiler de todas las habitaciones alquiladas individualmente. Como Cliente, se considerar\u00e1 a la persona cuyo nombre aparece en el Formulario de reserva \u2013 Contrato de alquiler. El Cliente ser\u00e1 una sola persona, un grupo o una familia.<\/li>\n\n\n\n<li>Para reservar la propiedad, el cliente deber\u00e1 pagar un dep\u00f3sito inicial no reembolsable (50% del total del alquiler acordado entre el cliente y el agente). La confirmaci\u00f3n de la reserva se enviar\u00e1 por correo electr\u00f3nico. Esta es la aceptaci\u00f3n oficial de la reserva y el inicio del contrato (\u00bb Contrato \u00bb).<\/li>\n\n\n\n<li>Si el cliente reserva la propiedad a trav\u00e9s de una agencia de reserva online (Booking, Airbnb, Expedia\u00a0o Despegar) en adelante (\u00abAgencias Online\u00bb), los t\u00e9rminos y condiciones de las agencias online, en particular en relaci\u00f3n con las reservas y el dep\u00f3sito inicial, se aplican de forma prioritaria a las presentes condiciones generales. Sin embargo, el cliente debe completar y firmar el formulario de reserva o contrato de alquiler, a m\u00e1s tardar el d\u00eda del comienzo del per\u00edodo de alquiler.<strong>\u00a0<\/strong><\/li>\n\n\n\n<li>Si el cliente cancela antes del d\u00eda de inicio del per\u00edodo de alquiler, cualquier dep\u00f3sito pagado se perder\u00e1.<\/li>\n\n\n\n<li>Si El Cliente desea cambiar la reserva a otra propiedad o cambiar la fecha de la reserva sin cancelar el contrato y con sujeci\u00f3n a la aprobaci\u00f3n del agente, se cargar\u00e1 al saldo por pagar del cliente igual al 10% del total del alquiler acordado para cubrir los costos de administraci\u00f3n.<\/li>\n\n\n\n<li>El d\u00eda del inicio del periodo de renta u ocupaci\u00f3n, el cliente debe firmar el formulario de reserva o el contrato de arriendo, entregar una copia del pasaporte u otro documento de identificaci\u00f3n de todos los ocupantes de la propiedad y pagar el saldo del alquiler junto con el dep\u00f3sito de seguridad, garant\u00eda o la fianza (v\u00e9ase<strong>\u00a0<\/strong>el art\u00edculo 8). Si el pago no se recibe para esa fecha, el agente se reserva el derecho de negar el acceso del cliente a la propiedad y el agente se reserva el derecho de dar aviso por escrito o verbalmente que la reserva esta cancelada y con lo cual cualquier nuevo dep\u00f3sito que haya sido pagado se perder\u00e1, sin importar si el cliente est\u00e1 asegurado por este riesgo o no.<\/li>\n\n\n\n<li>Se le recomienda encarecidamente al Cliente adquirir una completa p\u00f3liza de seguro de viaje (incluida la cancelaci\u00f3n de cobertura) y contar con plena cobertura de \u00e9l y el grupo \/ familia, pertenencias personales, responsabilidad civil, etc., ya que estos no est\u00e1n cubiertos por los seguros del agente.<\/li>\n\n\n\n<li>Para iniciar el alquiler ser\u00e1 necesario un dep\u00f3sito de seguridad, garant\u00eda o fianza, que se constituye con un monto equivalente a un d\u00eda de alquiler de la Propiedad, y ser\u00e1 reembolsado en su totalidad o en parte despu\u00e9s de que el estado de la Propiedad ha sido comprobado por el agente cuando el cliente haga el registro de salida. Todas las facturas pendientes resultantes de, por ejemplo, los servicios adicionales proporcionados por el agente ser\u00e1n deducidos del dep\u00f3sito de seguridad. Igualmente, todos los gastos derivados de roturas, p\u00e9rdidas o da\u00f1os que ser\u00e1n deducidos del dep\u00f3sito de seguridad. Con el prop\u00f3sito de evaluar el costo o la responsabilidad, el agente utilizar\u00e1 sus esfuerzos razonables para reparar las roturas, reponer las p\u00e9rdidas o liquidar los da\u00f1os al menor costo posible. Si un objeto es parte de un conjunto de objetos similares, es absoluta discreci\u00f3n del agente considerar que es dif\u00edcil de reparar, el coste o la responsabilidad se considerar\u00e1 por la sustituci\u00f3n de todo el conjunto. Si el dep\u00f3sito fuese insuficiente para cubrir tales costos el valor adicional o la suma equivalente o la diferencia deber\u00e1 ser pagada por el cliente, previa solicitud del agente. El valor pagado como dep\u00f3sito, no limitar\u00e1 la responsabilidad del cliente para con el agente.<\/li>\n\n\n\n<li>El per\u00edodo de alquiler se iniciar\u00e1 a las 15:00 del primer d\u00eda y terminan a las 12:00 horas del \u00faltimo d\u00eda, tal como se indica en el formulario de reserva o el contrato de alquiler. El agente no estar\u00e1 obligado a permitir el acceso a la propiedad antes de la hora y fecha prevista.<\/li>\n\n\n\n<li>El n\u00famero m\u00e1ximo de personas permitido para residir en la propiedad durante el tiempo contratado no debe exceder lo que se ha declarado en el formulario de reserva o contrato de arriendo, a menos que el agente haya dado permiso por escrito. El Cliente tiene derecho a invitar a terceras personas ( invitados) con car\u00e1cter temporal, pero el cliente se compromete a facilitar el Agente toda la informaci\u00f3n solicitada por \u00e9l, respecto de tales terceros. La informaci\u00f3n puede incluir nombre, fecha de nacimiento y copia o de la ID. El cliente no debe mantener los siguientes elementos en la propiedad: armas sin la licencia apropiada emitida por la autoridad correspondiente, sustancias inflamables, explosivos o alucin\u00f3genos. Tambi\u00e9n est\u00e1 prohibido llevar en la propiedad llevar a cabo cualquier actividad que viole la Constituci\u00f3n de la Polic\u00eda Nacional o que viole las normas de buena conducta o cualquiera que cause da\u00f1o general material o moral al edificio o propiedad. Est\u00e1 prohibido llevar a cabo actividades (partidos). Tambi\u00e9n est\u00e1 prohibido el acceso de los acompa\u00f1antes en la casa como lo mismo que los ni\u00f1os con fines de explotaci\u00f3n sexual.<\/li>\n\n\n\n<li>El Cliente se compromete a ser considerado como inquilino y cuidar bien la Propiedad hasta el final del per\u00edodo de alquiler, devolver la propiedad limpia y ordenada y en el estado en que la encontr\u00f3. El agente se reserva el derecho de retener el dep\u00f3sito de seguridad una suma o sumas para cubrir los costos de limpieza adicionales si el cliente deja la propiedad en una condici\u00f3n inaceptable. El Cliente tambi\u00e9n se compromete a no actuar de tal forma que cause disturbios a los residentes en las propiedades vecinas. Se supone que la propiedad es fiel reproducci\u00f3n de la presentada en la web y se encuentra en un buen estado de alquiler, a menos que el agente le ha informado al cliente lo contrario.<\/li>\n\n\n\n<li>El agente se reserva el derecho de utilizar todas las \u00e1reas del hotel y el ingreso de su personal con el fin de suplir su operaci\u00f3n. En ning\u00fan caso el cliente podr\u00e1 tocar o interferir con esto. El Agente se reserva el derecho de tomar cualquier medida pertinente, incluida la terminaci\u00f3n inmediata del contrato de alquiler, si la propiedad, incluida la piscina y sus equipos, son objeto de abusos o mal uso.<\/li>\n\n\n\n<li>Todas las cl\u00e1usulas pertinentes y recomendaciones formuladas respecto de la propiedad forman parte de este Contrato.<\/li>\n\n\n\n<li>Aun si el agente ha hecho todos los esfuerzos posibles para garantizar que los detalles que figuran en el sitio virtual o p\u00e1gina WEB y en cualquier otro material de marketing, son exactos, la casa, los apartamentos y las habitaciones pueden ser transformadas, las facilidades pueden ser cambiadas o las propriedades pueden ser retiradas del mercado de alquiler. En caso de que el agente tenga que cancelar las reservas del cliente, el Agente har\u00e1 todo lo posible para transferir la reserva del cliente a una alternativa equivalente a la Propiedad del Grupo Casa Cordoba, siempre que est\u00e9 disponible, o devolver\u00e1 todo el dinero pagado.<\/li>\n\n\n\n<li>El cliente no adquiere derecho alguno sobre los bienes, excepto la ocupaci\u00f3n como un inquilino por el periodo reservado. El Cliente no tiene el derecho a la subarrendar la Propiedad.\u00a0<\/li>\n\n\n\n<li>El cliente deber\u00e1 informar al agente sin demora cualquier defecto en la propiedad o aver\u00eda en los equipos, instalaciones, m\u00e1quinas o aparatos de la propiedad, jard\u00edn o piscina, y las disposiciones para la reparaci\u00f3n y \/ o sustituci\u00f3n se har\u00e1 por el Agente tan pronto como sea posible.<\/li>\n\n\n\n<li>El agente no ser\u00e1 responsable ante el cliente:<\/li>\n\n\n\n<li>Por defectos temporales o por la suspensi\u00f3n temporal en el suministro de los servicios p\u00fablicos de la propiedad (electricidad, agua, tel\u00e9fono, servicios de Internet, etc.), ni respecto de defectos de cualquier equipo, instalaciones, m\u00e1quinas o aparatos de la propiedad, jard\u00edn o piscina, durante el periodo de alquiler.<\/li>\n\n\n\n<li>Por cualquier p\u00e9rdida, da\u00f1o o perjuicio que sea el resultado de condiciones meteorol\u00f3gicas adversas, mot\u00edn, guerra, huelgas u otras cuestiones que escapan o mas all\u00e1 del control del agente durante el periodo del alquiler.<\/li>\n\n\n\n<li>Por cualquier p\u00e9rdida, da\u00f1o o molestia causado o sufrido por el cliente si la Propiedad resultare destruida o da\u00f1ada sustancialmente antes del inicio del per\u00edodo de alquiler. En tal caso, el agente tendr\u00e1 un plazo de siete d\u00edas desde la notificaci\u00f3n del cliente de tal hecho para el reembolso de todas las cantidades pagadas anteriormente en relaci\u00f3n con el per\u00edodo de alquiler, excepto el 20% que cubre el costo de administraci\u00f3n.\u00a0<\/li>\n\n\n\n<li>En ninguna circunstancia la responsabilidad del agente para con el cliente exceder\u00e1 del importe pagado por el per\u00edodo de alquiler.<\/li>\n\n\n\n<li>El agente no se hace responsable por la lesi\u00f3n que pueda sufrir el cliente, p\u00e9rdida o da\u00f1os de sus pertenencias y la de sus acompa\u00f1antes.<\/li>\n\n\n\n<li>El agente no se hace responsable de cualquier p\u00e9rdida o da\u00f1o a cualquier veh\u00edculo de motor introducido a la propiedad o de su contenido.<\/li>\n\n\n\n<li>El estacionamiento de cualquier veh\u00edculo de motor no est\u00e1 permitido en los terrenos de propiedad sin el permiso del agente.<\/li>\n\n\n\n<li>La introducci\u00f3n de animales dom\u00e9sticos a la propiedad est\u00e1 prohibida, salvo con el permiso por escrito del agente.<\/li>\n\n\n\n<li>Ni los propietarios, ni el agente tiene ninguna responsabilidad por cualquier lesi\u00f3n o da\u00f1o causado en relaci\u00f3n con el uso de la piscina. Los ni\u00f1os deben, en todo momento ser supervisados por un adulto responsable. El jefe del grupo y la familia se considera en su totalidad y exclusivamente responsable del cuidado e integridad de cualquier miembro de su grupo \/ familia, mientras se encuentren en la propiedad y, concretamente, cuando la piscina est\u00e1 siendo utilizada.<\/li>\n\n\n\n<li>Si el cliente es m\u00e1s de una persona, son responsables solidariamente por los t\u00e9rminos y las condiciones en las presentes condiciones generales.<\/li>\n\n\n\n<li>Este contrato es totalmente regulado por la ley colombiana y se considerar\u00e1 que ha sido ejecutado en Colombia. Cualquier diferencia que surja con relaci\u00f3n al presente contrato podr\u00e1 ser resuelto ante cualquier los jueces competentes de la Rep\u00fablica de Colombia.<\/li>\n<\/ol>\n\t\t\t\t\t\t\t\t<\/div>\n\t\t\t\t<\/div>\n\t\t\t\t\t<\/div>\n\t\t\t\t<\/div>\n\t\t\t\t<\/div>","protected":false},"excerpt":{"rendered":"","protected":false},"author":1,"featured_media":0,"parent":0,"menu_order":0,"comment_status":"closed","ping_status":"closed","template":"","meta":{"footnotes":""},"class_list":["post-8370","page","type-page","status-publish","hentry"],"yoast_head":"<!-- This site is optimized with the Yoast SEO plugin v27.4 - https:\/\/yoast.com\/product\/yoast-seo-wordpress\/ -->\n<title>Pol\u00edticas y Condiciones - Hoteles Casa Cordoba<\/title>\n<meta name=\"robots\" content=\"index, follow, max-snippet:-1, max-image-preview:large, max-video-preview:-1\" \/>\n<link rel=\"canonical\" href=\"https:\/\/hotelescasacordoba.com\/en\/politicas-y-condiciones\/\" \/>\n<meta property=\"og:locale\" content=\"en_US\" \/>\n<meta property=\"og:type\" content=\"article\" \/>\n<meta property=\"og:title\" content=\"Pol\u00edticas y Condiciones - Hoteles Casa Cordoba\" \/>\n<meta property=\"og:url\" content=\"https:\/\/hotelescasacordoba.com\/en\/politicas-y-condiciones\/\" \/>\n<meta property=\"og:site_name\" content=\"Hoteles Casa Cordoba\" \/>\n<meta property=\"article:publisher\" content=\"https:\/\/www.facebook.com\/pages\/Casa-Cordoba-Estrella\/379947089430569\" \/>\n<meta property=\"article:modified_time\" content=\"2024-10-23T16:14:30+00:00\" \/>\n<meta property=\"og:image\" content=\"https:\/\/hotelescasacordoba.com\/wp-content\/uploads\/2021\/10\/WhatsApp-Image-2021-09-25-at-1.59.20-PM-3.jpeg\" \/>\n\t<meta property=\"og:image:width\" content=\"1024\" \/>\n\t<meta property=\"og:image:height\" content=\"682\" \/>\n\t<meta property=\"og:image:type\" content=\"image\/jpeg\" \/>\n<meta name=\"twitter:card\" content=\"summary_large_image\" \/>\n<meta name=\"twitter:label1\" content=\"Est. reading time\" \/>\n\t<meta name=\"twitter:data1\" content=\"9 minutes\" \/>\n<script type=\"application\/ld+json\" class=\"yoast-schema-graph\">{\"@context\":\"https:\\\/\\\/schema.org\",\"@graph\":[{\"@type\":\"WebPage\",\"@id\":\"https:\\\/\\\/hotelescasacordoba.com\\\/politicas-y-condiciones\\\/\",\"url\":\"https:\\\/\\\/hotelescasacordoba.com\\\/politicas-y-condiciones\\\/\",\"name\":\"Pol\u00edticas y Condiciones - Hoteles Casa Cordoba\",\"isPartOf\":{\"@id\":\"https:\\\/\\\/hotelescasacordoba.com\\\/#website\"},\"datePublished\":\"2024-10-23T15:34:29+00:00\",\"dateModified\":\"2024-10-23T16:14:30+00:00\",\"breadcrumb\":{\"@id\":\"https:\\\/\\\/hotelescasacordoba.com\\\/politicas-y-condiciones\\\/#breadcrumb\"},\"inLanguage\":\"en-US\",\"potentialAction\":[{\"@type\":\"ReadAction\",\"target\":[\"https:\\\/\\\/hotelescasacordoba.com\\\/politicas-y-condiciones\\\/\"]}]},{\"@type\":\"BreadcrumbList\",\"@id\":\"https:\\\/\\\/hotelescasacordoba.com\\\/politicas-y-condiciones\\\/#breadcrumb\",\"itemListElement\":[{\"@type\":\"ListItem\",\"position\":1,\"name\":\"Portada\",\"item\":\"https:\\\/\\\/hotelescasacordoba.com\\\/\"},{\"@type\":\"ListItem\",\"position\":2,\"name\":\"Pol\u00edticas y Condiciones\"}]},{\"@type\":\"WebSite\",\"@id\":\"https:\\\/\\\/hotelescasacordoba.com\\\/#website\",\"url\":\"https:\\\/\\\/hotelescasacordoba.com\\\/\",\"name\":\"Hoteles Casa Cordoba\",\"description\":\"El Grupo Casa C\u00f3rdoba le ofrece una experiencia \u00fanica en Cartagena de Indias e Isla Bar\u00fa. Disfrute de la historia y encanto de la ciudad amurallada en nuestras propiedades coloniales, con sol\u00e1riums y balcones llenos de flores. O rel\u00e1jese en las paradis\u00edacas playas de Bar\u00fa, con arena blanca y aguas cristalinas. Viva lo mejor de la cultura y la naturaleza con nosotros.\",\"publisher\":{\"@id\":\"https:\\\/\\\/hotelescasacordoba.com\\\/#organization\"},\"potentialAction\":[{\"@type\":\"SearchAction\",\"target\":{\"@type\":\"EntryPoint\",\"urlTemplate\":\"https:\\\/\\\/hotelescasacordoba.com\\\/?s={search_term_string}\"},\"query-input\":{\"@type\":\"PropertyValueSpecification\",\"valueRequired\":true,\"valueName\":\"search_term_string\"}}],\"inLanguage\":\"en-US\"},{\"@type\":\"Organization\",\"@id\":\"https:\\\/\\\/hotelescasacordoba.com\\\/#organization\",\"name\":\"Hoteles Casa C\u00f3rdoba\",\"url\":\"https:\\\/\\\/hotelescasacordoba.com\\\/\",\"logo\":{\"@type\":\"ImageObject\",\"inLanguage\":\"en-US\",\"@id\":\"https:\\\/\\\/hotelescasacordoba.com\\\/#\\\/schema\\\/logo\\\/image\\\/\",\"url\":\"https:\\\/\\\/hotelescasacordoba.com\\\/wp-content\\\/uploads\\\/2021\\\/09\\\/Logo-Casa-Cordoba-2021.jpg\",\"contentUrl\":\"https:\\\/\\\/hotelescasacordoba.com\\\/wp-content\\\/uploads\\\/2021\\\/09\\\/Logo-Casa-Cordoba-2021.jpg\",\"width\":322,\"height\":386,\"caption\":\"Hoteles Casa C\u00f3rdoba\"},\"image\":{\"@id\":\"https:\\\/\\\/hotelescasacordoba.com\\\/#\\\/schema\\\/logo\\\/image\\\/\"},\"sameAs\":[\"https:\\\/\\\/www.facebook.com\\\/pages\\\/Casa-Cordoba-Estrella\\\/379947089430569\",\"https:\\\/\\\/www.instagram.com\\\/hotelescasacordoba\\\/\"]}]}<\/script>\n<!-- \/ Yoast SEO plugin. -->","yoast_head_json":{"title":"Pol\u00edticas y Condiciones - Hoteles Casa Cordoba","robots":{"index":"index","follow":"follow","max-snippet":"max-snippet:-1","max-image-preview":"max-image-preview:large","max-video-preview":"max-video-preview:-1"},"canonical":"https:\/\/hotelescasacordoba.com\/en\/politicas-y-condiciones\/","og_locale":"en_US","og_type":"article","og_title":"Pol\u00edticas y Condiciones - Hoteles Casa Cordoba","og_url":"https:\/\/hotelescasacordoba.com\/en\/politicas-y-condiciones\/","og_site_name":"Hoteles Casa Cordoba","article_publisher":"https:\/\/www.facebook.com\/pages\/Casa-Cordoba-Estrella\/379947089430569","article_modified_time":"2024-10-23T16:14:30+00:00","og_image":[{"width":1024,"height":682,"url":"https:\/\/hotelescasacordoba.com\/wp-content\/uploads\/2021\/10\/WhatsApp-Image-2021-09-25-at-1.59.20-PM-3.jpeg","type":"image\/jpeg"}],"twitter_card":"summary_large_image","twitter_misc":{"Est. reading time":"9 minutes"},"schema":{"@context":"https:\/\/schema.org","@graph":[{"@type":"WebPage","@id":"https:\/\/hotelescasacordoba.com\/politicas-y-condiciones\/","url":"https:\/\/hotelescasacordoba.com\/politicas-y-condiciones\/","name":"Pol\u00edticas y Condiciones - Hoteles Casa Cordoba","isPartOf":{"@id":"https:\/\/hotelescasacordoba.com\/#website"},"datePublished":"2024-10-23T15:34:29+00:00","dateModified":"2024-10-23T16:14:30+00:00","breadcrumb":{"@id":"https:\/\/hotelescasacordoba.com\/politicas-y-condiciones\/#breadcrumb"},"inLanguage":"en-US","potentialAction":[{"@type":"ReadAction","target":["https:\/\/hotelescasacordoba.com\/politicas-y-condiciones\/"]}]},{"@type":"BreadcrumbList","@id":"https:\/\/hotelescasacordoba.com\/politicas-y-condiciones\/#breadcrumb","itemListElement":[{"@type":"ListItem","position":1,"name":"Portada","item":"https:\/\/hotelescasacordoba.com\/"},{"@type":"ListItem","position":2,"name":"Pol\u00edticas y Condiciones"}]},{"@type":"WebSite","@id":"https:\/\/hotelescasacordoba.com\/#website","url":"https:\/\/hotelescasacordoba.com\/","name":"Hoteles Casa Cordoba","description":"El Grupo Casa C\u00f3rdoba le ofrece una experiencia \u00fanica en Cartagena de Indias e Isla Bar\u00fa. Disfrute de la historia y encanto de la ciudad amurallada en nuestras propiedades coloniales, con sol\u00e1riums y balcones llenos de flores. O rel\u00e1jese en las paradis\u00edacas playas de Bar\u00fa, con arena blanca y aguas cristalinas. Viva lo mejor de la cultura y la naturaleza con nosotros.","publisher":{"@id":"https:\/\/hotelescasacordoba.com\/#organization"},"potentialAction":[{"@type":"SearchAction","target":{"@type":"EntryPoint","urlTemplate":"https:\/\/hotelescasacordoba.com\/?s={search_term_string}"},"query-input":{"@type":"PropertyValueSpecification","valueRequired":true,"valueName":"search_term_string"}}],"inLanguage":"en-US"},{"@type":"Organization","@id":"https:\/\/hotelescasacordoba.com\/#organization","name":"Hoteles Casa C\u00f3rdoba","url":"https:\/\/hotelescasacordoba.com\/","logo":{"@type":"ImageObject","inLanguage":"en-US","@id":"https:\/\/hotelescasacordoba.com\/#\/schema\/logo\/image\/","url":"https:\/\/hotelescasacordoba.com\/wp-content\/uploads\/2021\/09\/Logo-Casa-Cordoba-2021.jpg","contentUrl":"https:\/\/hotelescasacordoba.com\/wp-content\/uploads\/2021\/09\/Logo-Casa-Cordoba-2021.jpg","width":322,"height":386,"caption":"Hoteles Casa C\u00f3rdoba"},"image":{"@id":"https:\/\/hotelescasacordoba.com\/#\/schema\/logo\/image\/"},"sameAs":["https:\/\/www.facebook.com\/pages\/Casa-Cordoba-Estrella\/379947089430569","https:\/\/www.instagram.com\/hotelescasacordoba\/"]}]}},"_links":{"self":[{"href":"https:\/\/hotelescasacordoba.com\/en\/wp-json\/wp\/v2\/pages\/8370","targetHints":{"allow":["GET"]}}],"collection":[{"href":"https:\/\/hotelescasacordoba.com\/en\/wp-json\/wp\/v2\/pages"}],"about":[{"href":"https:\/\/hotelescasacordoba.com\/en\/wp-json\/wp\/v2\/types\/page"}],"author":[{"embeddable":true,"href":"https:\/\/hotelescasacordoba.com\/en\/wp-json\/wp\/v2\/users\/1"}],"replies":[{"embeddable":true,"href":"https:\/\/hotelescasacordoba.com\/en\/wp-json\/wp\/v2\/comments?post=8370"}],"version-history":[{"count":13,"href":"https:\/\/hotelescasacordoba.com\/en\/wp-json\/wp\/v2\/pages\/8370\/revisions"}],"predecessor-version":[{"id":8386,"href":"https:\/\/hotelescasacordoba.com\/en\/wp-json\/wp\/v2\/pages\/8370\/revisions\/8386"}],"wp:attachment":[{"href":"https:\/\/hotelescasacordoba.com\/en\/wp-json\/wp\/v2\/media?parent=8370"}],"curies":[{"name":"wp","href":"https:\/\/api.w.org\/{rel}","templated":true}]}}