{"id":7323,"date":"2024-09-26T22:25:44","date_gmt":"2024-09-26T22:25:44","guid":{"rendered":"https:\/\/hotelescasacordoba.com\/?post_type=product&#038;p=7323"},"modified":"2024-09-27T05:57:43","modified_gmt":"2024-09-27T05:57:43","slug":"habitacion-twin","status":"publish","type":"product","link":"https:\/\/hotelescasacordoba.com\/fr\/product\/habitacion-twin\/","title":{"rendered":"Habitaci\u00f3n  Twin"},"content":{"rendered":"<p>Habitaci\u00f3n ubicada en el segundo piso de las caba\u00f1as, capacidad de 2 personas. Cuenta con dos Camas sencillas , desayuno incluido, amenities de lujo, ventilador de techo, aire acondicionado, cajilla de seguridad, servicio de limpieza y una delicada decoraci\u00f3n caribe\u00f1a.<\/p>","protected":false},"excerpt":{"rendered":"<p>La Habitaci\u00f3n Cl\u00e1sica Cu\u00e1druple esta ubicada en esta bella propiedad podr\u00e1 disfrutar de un momento de descanso en su maravillosa terraza ubicada en el cuarto piso, dotada de una tranquila piscina con una vista privilegiada de la ciudad vieja o en su esplendida biblioteca situada en un majestuoso sal\u00f3n con balc\u00f3n a la calle principal.<\/p>","protected":false},"featured_media":5805,"comment_status":"open","ping_status":"closed","template":"","meta":[],"product_brand":[],"product_cat":[63,64],"product_tag":[],"class_list":{"0":"post-7323","1":"product","2":"type-product","3":"status-publish","4":"has-post-thumbnail","6":"product_cat-habitaciones","7":"product_cat-hotel-casa-cordoba-baru","9":"first","10":"instock","11":"shipping-taxable","12":"purchasable","13":"product-type-simple"},"yoast_head":"<!-- This site is optimized with the Yoast SEO plugin v27.5 - https:\/\/yoast.com\/product\/yoast-seo-wordpress\/ -->\n<title>Habitaci\u00f3n Twin - Hoteles Casa Cordoba<\/title>\n<meta name=\"robots\" content=\"index, follow, max-snippet:-1, max-image-preview:large, max-video-preview:-1\" \/>\n<link rel=\"canonical\" href=\"https:\/\/hotelescasacordoba.com\/fr\/produit\/habitacion-twin\/\" \/>\n<meta property=\"og:locale\" content=\"fr_FR\" \/>\n<meta property=\"og:type\" content=\"article\" \/>\n<meta property=\"og:title\" content=\"Habitaci\u00f3n Twin - Hoteles Casa Cordoba\" \/>\n<meta property=\"og:description\" content=\"La Habitaci\u00f3n Cl\u00e1sica Cu\u00e1druple esta ubicada en esta bella propiedad podr\u00e1 disfrutar de un momento de descanso en su maravillosa terraza ubicada en el cuarto piso, dotada de una tranquila piscina con una vista privilegiada de la ciudad vieja o en su esplendida biblioteca situada en un majestuoso sal\u00f3n con balc\u00f3n a la calle principal.\" \/>\n<meta property=\"og:url\" content=\"https:\/\/hotelescasacordoba.com\/fr\/produit\/habitacion-twin\/\" \/>\n<meta property=\"og:site_name\" content=\"Hoteles Casa Cordoba\" \/>\n<meta property=\"article:publisher\" content=\"https:\/\/www.facebook.com\/pages\/Casa-Cordoba-Estrella\/379947089430569\" \/>\n<meta property=\"article:modified_time\" content=\"2024-09-27T05:57:43+00:00\" \/>\n<meta property=\"og:image\" content=\"https:\/\/hotelescasacordoba.com\/wp-content\/uploads\/2021\/09\/TWIN.jpg\" \/>\n\t<meta property=\"og:image:width\" content=\"1920\" \/>\n\t<meta property=\"og:image:height\" content=\"1280\" \/>\n\t<meta property=\"og:image:type\" content=\"image\/jpeg\" \/>\n<meta name=\"twitter:card\" content=\"summary_large_image\" \/>\n<meta name=\"twitter:label1\" content=\"Dur\u00e9e de lecture estim\u00e9e\" \/>\n\t<meta name=\"twitter:data1\" content=\"1 minute\" \/>\n<script type=\"application\/ld+json\" class=\"yoast-schema-graph\">{\"@context\":\"https:\\\/\\\/schema.org\",\"@graph\":[{\"@type\":\"WebPage\",\"@id\":\"https:\\\/\\\/hotelescasacordoba.com\\\/producto\\\/habitacion-twin\\\/\",\"url\":\"https:\\\/\\\/hotelescasacordoba.com\\\/producto\\\/habitacion-twin\\\/\",\"name\":\"Habitaci\u00f3n Twin - Hoteles Casa Cordoba\",\"isPartOf\":{\"@id\":\"https:\\\/\\\/hotelescasacordoba.com\\\/#website\"},\"primaryImageOfPage\":{\"@id\":\"https:\\\/\\\/hotelescasacordoba.com\\\/producto\\\/habitacion-twin\\\/#primaryimage\"},\"image\":{\"@id\":\"https:\\\/\\\/hotelescasacordoba.com\\\/producto\\\/habitacion-twin\\\/#primaryimage\"},\"thumbnailUrl\":\"https:\\\/\\\/hotelescasacordoba.com\\\/wp-content\\\/uploads\\\/2021\\\/09\\\/TWIN.jpg\",\"datePublished\":\"2024-09-26T22:25:44+00:00\",\"dateModified\":\"2024-09-27T05:57:43+00:00\",\"breadcrumb\":{\"@id\":\"https:\\\/\\\/hotelescasacordoba.com\\\/producto\\\/habitacion-twin\\\/#breadcrumb\"},\"inLanguage\":\"fr-FR\",\"potentialAction\":[{\"@type\":\"ReadAction\",\"target\":[\"https:\\\/\\\/hotelescasacordoba.com\\\/producto\\\/habitacion-twin\\\/\"]}]},{\"@type\":\"ImageObject\",\"inLanguage\":\"fr-FR\",\"@id\":\"https:\\\/\\\/hotelescasacordoba.com\\\/producto\\\/habitacion-twin\\\/#primaryimage\",\"url\":\"https:\\\/\\\/hotelescasacordoba.com\\\/wp-content\\\/uploads\\\/2021\\\/09\\\/TWIN.jpg\",\"contentUrl\":\"https:\\\/\\\/hotelescasacordoba.com\\\/wp-content\\\/uploads\\\/2021\\\/09\\\/TWIN.jpg\",\"width\":1920,\"height\":1280},{\"@type\":\"BreadcrumbList\",\"@id\":\"https:\\\/\\\/hotelescasacordoba.com\\\/producto\\\/habitacion-twin\\\/#breadcrumb\",\"itemListElement\":[{\"@type\":\"ListItem\",\"position\":1,\"name\":\"Portada\",\"item\":\"https:\\\/\\\/hotelescasacordoba.com\\\/\"},{\"@type\":\"ListItem\",\"position\":2,\"name\":\"Shop\",\"item\":\"https:\\\/\\\/hotelescasacordoba.com\\\/fr\\\/shop\\\/\"},{\"@type\":\"ListItem\",\"position\":3,\"name\":\"Habitaci\u00f3n Twin\"}]},{\"@type\":\"WebSite\",\"@id\":\"https:\\\/\\\/hotelescasacordoba.com\\\/#website\",\"url\":\"https:\\\/\\\/hotelescasacordoba.com\\\/\",\"name\":\"Hoteles Casa Cordoba\",\"description\":\"El Grupo Casa C\u00f3rdoba le ofrece una experiencia \u00fanica en Cartagena de Indias e Isla Bar\u00fa. Disfrute de la historia y encanto de la ciudad amurallada en nuestras propiedades coloniales, con sol\u00e1riums y balcones llenos de flores. O rel\u00e1jese en las paradis\u00edacas playas de Bar\u00fa, con arena blanca y aguas cristalinas. Viva lo mejor de la cultura y la naturaleza con nosotros.\",\"publisher\":{\"@id\":\"https:\\\/\\\/hotelescasacordoba.com\\\/#organization\"},\"potentialAction\":[{\"@type\":\"SearchAction\",\"target\":{\"@type\":\"EntryPoint\",\"urlTemplate\":\"https:\\\/\\\/hotelescasacordoba.com\\\/?s={search_term_string}\"},\"query-input\":{\"@type\":\"PropertyValueSpecification\",\"valueRequired\":true,\"valueName\":\"search_term_string\"}}],\"inLanguage\":\"fr-FR\"},{\"@type\":\"Organization\",\"@id\":\"https:\\\/\\\/hotelescasacordoba.com\\\/#organization\",\"name\":\"Hoteles Casa C\u00f3rdoba\",\"url\":\"https:\\\/\\\/hotelescasacordoba.com\\\/\",\"logo\":{\"@type\":\"ImageObject\",\"inLanguage\":\"fr-FR\",\"@id\":\"https:\\\/\\\/hotelescasacordoba.com\\\/#\\\/schema\\\/logo\\\/image\\\/\",\"url\":\"https:\\\/\\\/hotelescasacordoba.com\\\/wp-content\\\/uploads\\\/2021\\\/09\\\/Logo-Casa-Cordoba-2021.jpg\",\"contentUrl\":\"https:\\\/\\\/hotelescasacordoba.com\\\/wp-content\\\/uploads\\\/2021\\\/09\\\/Logo-Casa-Cordoba-2021.jpg\",\"width\":322,\"height\":386,\"caption\":\"Hoteles Casa C\u00f3rdoba\"},\"image\":{\"@id\":\"https:\\\/\\\/hotelescasacordoba.com\\\/#\\\/schema\\\/logo\\\/image\\\/\"},\"sameAs\":[\"https:\\\/\\\/www.facebook.com\\\/pages\\\/Casa-Cordoba-Estrella\\\/379947089430569\",\"https:\\\/\\\/www.instagram.com\\\/hotelescasacordoba\\\/\"]}]}<\/script>\n<!-- \/ Yoast SEO plugin. -->","yoast_head_json":{"title":"Habitaci\u00f3n Twin - Hoteles Casa Cordoba","robots":{"index":"index","follow":"follow","max-snippet":"max-snippet:-1","max-image-preview":"max-image-preview:large","max-video-preview":"max-video-preview:-1"},"canonical":"https:\/\/hotelescasacordoba.com\/fr\/produit\/habitacion-twin\/","og_locale":"fr_FR","og_type":"article","og_title":"Habitaci\u00f3n Twin - Hoteles Casa Cordoba","og_description":"La Habitaci\u00f3n Cl\u00e1sica Cu\u00e1druple esta ubicada en esta bella propiedad podr\u00e1 disfrutar de un momento de descanso en su maravillosa terraza ubicada en el cuarto piso, dotada de una tranquila piscina con una vista privilegiada de la ciudad vieja o en su esplendida biblioteca situada en un majestuoso sal\u00f3n con balc\u00f3n a la calle principal.","og_url":"https:\/\/hotelescasacordoba.com\/fr\/produit\/habitacion-twin\/","og_site_name":"Hoteles Casa Cordoba","article_publisher":"https:\/\/www.facebook.com\/pages\/Casa-Cordoba-Estrella\/379947089430569","article_modified_time":"2024-09-27T05:57:43+00:00","og_image":[{"width":1920,"height":1280,"url":"https:\/\/hotelescasacordoba.com\/wp-content\/uploads\/2021\/09\/TWIN.jpg","type":"image\/jpeg"}],"twitter_card":"summary_large_image","twitter_misc":{"Dur\u00e9e de lecture estim\u00e9e":"1 minute"},"schema":{"@context":"https:\/\/schema.org","@graph":[{"@type":"WebPage","@id":"https:\/\/hotelescasacordoba.com\/producto\/habitacion-twin\/","url":"https:\/\/hotelescasacordoba.com\/producto\/habitacion-twin\/","name":"Habitaci\u00f3n Twin - Hoteles Casa Cordoba","isPartOf":{"@id":"https:\/\/hotelescasacordoba.com\/#website"},"primaryImageOfPage":{"@id":"https:\/\/hotelescasacordoba.com\/producto\/habitacion-twin\/#primaryimage"},"image":{"@id":"https:\/\/hotelescasacordoba.com\/producto\/habitacion-twin\/#primaryimage"},"thumbnailUrl":"https:\/\/hotelescasacordoba.com\/wp-content\/uploads\/2021\/09\/TWIN.jpg","datePublished":"2024-09-26T22:25:44+00:00","dateModified":"2024-09-27T05:57:43+00:00","breadcrumb":{"@id":"https:\/\/hotelescasacordoba.com\/producto\/habitacion-twin\/#breadcrumb"},"inLanguage":"fr-FR","potentialAction":[{"@type":"ReadAction","target":["https:\/\/hotelescasacordoba.com\/producto\/habitacion-twin\/"]}]},{"@type":"ImageObject","inLanguage":"fr-FR","@id":"https:\/\/hotelescasacordoba.com\/producto\/habitacion-twin\/#primaryimage","url":"https:\/\/hotelescasacordoba.com\/wp-content\/uploads\/2021\/09\/TWIN.jpg","contentUrl":"https:\/\/hotelescasacordoba.com\/wp-content\/uploads\/2021\/09\/TWIN.jpg","width":1920,"height":1280},{"@type":"BreadcrumbList","@id":"https:\/\/hotelescasacordoba.com\/producto\/habitacion-twin\/#breadcrumb","itemListElement":[{"@type":"ListItem","position":1,"name":"Portada","item":"https:\/\/hotelescasacordoba.com\/"},{"@type":"ListItem","position":2,"name":"Shop","item":"https:\/\/hotelescasacordoba.com\/fr\/shop\/"},{"@type":"ListItem","position":3,"name":"Habitaci\u00f3n Twin"}]},{"@type":"WebSite","@id":"https:\/\/hotelescasacordoba.com\/#website","url":"https:\/\/hotelescasacordoba.com\/","name":"Hoteles Casa Cordoba","description":"El Grupo Casa C\u00f3rdoba le ofrece una experiencia \u00fanica en Cartagena de Indias e Isla Bar\u00fa. Disfrute de la historia y encanto de la ciudad amurallada en nuestras propiedades coloniales, con sol\u00e1riums y balcones llenos de flores. O rel\u00e1jese en las paradis\u00edacas playas de Bar\u00fa, con arena blanca y aguas cristalinas. Viva lo mejor de la cultura y la naturaleza con nosotros.","publisher":{"@id":"https:\/\/hotelescasacordoba.com\/#organization"},"potentialAction":[{"@type":"SearchAction","target":{"@type":"EntryPoint","urlTemplate":"https:\/\/hotelescasacordoba.com\/?s={search_term_string}"},"query-input":{"@type":"PropertyValueSpecification","valueRequired":true,"valueName":"search_term_string"}}],"inLanguage":"fr-FR"},{"@type":"Organization","@id":"https:\/\/hotelescasacordoba.com\/#organization","name":"Hoteles Casa C\u00f3rdoba","url":"https:\/\/hotelescasacordoba.com\/","logo":{"@type":"ImageObject","inLanguage":"fr-FR","@id":"https:\/\/hotelescasacordoba.com\/#\/schema\/logo\/image\/","url":"https:\/\/hotelescasacordoba.com\/wp-content\/uploads\/2021\/09\/Logo-Casa-Cordoba-2021.jpg","contentUrl":"https:\/\/hotelescasacordoba.com\/wp-content\/uploads\/2021\/09\/Logo-Casa-Cordoba-2021.jpg","width":322,"height":386,"caption":"Hoteles Casa C\u00f3rdoba"},"image":{"@id":"https:\/\/hotelescasacordoba.com\/#\/schema\/logo\/image\/"},"sameAs":["https:\/\/www.facebook.com\/pages\/Casa-Cordoba-Estrella\/379947089430569","https:\/\/www.instagram.com\/hotelescasacordoba\/"]}]}},"_links":{"self":[{"href":"https:\/\/hotelescasacordoba.com\/fr\/wp-json\/wp\/v2\/product\/7323","targetHints":{"allow":["GET"]}}],"collection":[{"href":"https:\/\/hotelescasacordoba.com\/fr\/wp-json\/wp\/v2\/product"}],"about":[{"href":"https:\/\/hotelescasacordoba.com\/fr\/wp-json\/wp\/v2\/types\/product"}],"replies":[{"embeddable":true,"href":"https:\/\/hotelescasacordoba.com\/fr\/wp-json\/wp\/v2\/comments?post=7323"}],"wp:featuredmedia":[{"embeddable":true,"href":"https:\/\/hotelescasacordoba.com\/fr\/wp-json\/wp\/v2\/media\/5805"}],"wp:attachment":[{"href":"https:\/\/hotelescasacordoba.com\/fr\/wp-json\/wp\/v2\/media?parent=7323"}],"wp:term":[{"taxonomy":"product_brand","embeddable":true,"href":"https:\/\/hotelescasacordoba.com\/fr\/wp-json\/wp\/v2\/product_brand?post=7323"},{"taxonomy":"product_cat","embeddable":true,"href":"https:\/\/hotelescasacordoba.com\/fr\/wp-json\/wp\/v2\/product_cat?post=7323"},{"taxonomy":"product_tag","embeddable":true,"href":"https:\/\/hotelescasacordoba.com\/fr\/wp-json\/wp\/v2\/product_tag?post=7323"}],"curies":[{"name":"wp","href":"https:\/\/api.w.org\/{rel}","templated":true}]}}