{"id":7324,"date":"2024-09-26T22:36:44","date_gmt":"2024-09-26T22:36:44","guid":{"rendered":"https:\/\/hotelescasacordoba.com\/?post_type=product&#038;p=7324"},"modified":"2024-09-27T05:57:53","modified_gmt":"2024-09-27T05:57:53","slug":"apartamento-1","status":"publish","type":"product","link":"https:\/\/hotelescasacordoba.com\/fr\/product\/apartamento-1\/","title":{"rendered":"Apartamento 1"},"content":{"rendered":"<p>Apartamento de dos habitaciones con capacidad de 4 personas, cuenta con una habitaci\u00f3n con Cama Super King size en su segundo piso y un mezanine con dos camas sencillas. Adem\u00e1s de\u00a0 una zona social, cocina, comedor y su ba\u00f1o ubicado en el primer piso. Servicio de wifi, ventilador de techo, aire acondicionado y limpieza.<\/p>","protected":false},"excerpt":{"rendered":"<p>La Habitaci\u00f3n Cl\u00e1sica Cu\u00e1druple esta ubicada en esta bella propiedad podr\u00e1 disfrutar de un momento de descanso en su maravillosa terraza ubicada en el cuarto piso, dotada de una tranquila piscina con una vista privilegiada de la ciudad vieja o en su esplendida biblioteca situada en un majestuoso sal\u00f3n con balc\u00f3n a la calle principal.<\/p>","protected":false},"featured_media":7327,"comment_status":"open","ping_status":"closed","template":"","meta":[],"product_brand":[],"product_cat":[63,66],"product_tag":[],"class_list":{"0":"post-7324","1":"product","2":"type-product","3":"status-publish","4":"has-post-thumbnail","6":"product_cat-habitaciones","7":"product_cat-hotel-casa-cordoba-roman","9":"first","10":"instock","11":"shipping-taxable","12":"purchasable","13":"product-type-simple"},"yoast_head":"<!-- This site is optimized with the Yoast SEO plugin v27.5 - https:\/\/yoast.com\/product\/yoast-seo-wordpress\/ -->\n<title>Apartamento 1 - Hoteles Casa Cordoba<\/title>\n<meta name=\"robots\" content=\"index, follow, max-snippet:-1, max-image-preview:large, max-video-preview:-1\" \/>\n<link rel=\"canonical\" href=\"https:\/\/hotelescasacordoba.com\/fr\/produit\/apartamento-1\/\" \/>\n<meta property=\"og:locale\" content=\"fr_FR\" \/>\n<meta property=\"og:type\" content=\"article\" \/>\n<meta property=\"og:title\" content=\"Apartamento 1 - Hoteles Casa Cordoba\" \/>\n<meta property=\"og:description\" content=\"La Habitaci\u00f3n Cl\u00e1sica Cu\u00e1druple esta ubicada en esta bella propiedad podr\u00e1 disfrutar de un momento de descanso en su maravillosa terraza ubicada en el cuarto piso, dotada de una tranquila piscina con una vista privilegiada de la ciudad vieja o en su esplendida biblioteca situada en un majestuoso sal\u00f3n con balc\u00f3n a la calle principal.\" \/>\n<meta property=\"og:url\" content=\"https:\/\/hotelescasacordoba.com\/fr\/produit\/apartamento-1\/\" \/>\n<meta property=\"og:site_name\" content=\"Hoteles Casa Cordoba\" \/>\n<meta property=\"article:publisher\" content=\"https:\/\/www.facebook.com\/pages\/Casa-Cordoba-Estrella\/379947089430569\" \/>\n<meta property=\"article:modified_time\" content=\"2024-09-27T05:57:53+00:00\" \/>\n<meta property=\"og:image\" content=\"https:\/\/hotelescasacordoba.com\/wp-content\/uploads\/2024\/09\/Cama-King-600x425-1.jpg\" \/>\n\t<meta property=\"og:image:width\" content=\"600\" \/>\n\t<meta property=\"og:image:height\" content=\"425\" \/>\n\t<meta property=\"og:image:type\" content=\"image\/jpeg\" \/>\n<meta name=\"twitter:card\" content=\"summary_large_image\" \/>\n<meta name=\"twitter:label1\" content=\"Dur\u00e9e de lecture estim\u00e9e\" \/>\n\t<meta name=\"twitter:data1\" content=\"1 minute\" \/>\n<script type=\"application\/ld+json\" class=\"yoast-schema-graph\">{\"@context\":\"https:\\\/\\\/schema.org\",\"@graph\":[{\"@type\":\"WebPage\",\"@id\":\"https:\\\/\\\/hotelescasacordoba.com\\\/producto\\\/apartamento-1\\\/\",\"url\":\"https:\\\/\\\/hotelescasacordoba.com\\\/producto\\\/apartamento-1\\\/\",\"name\":\"Apartamento 1 - Hoteles Casa Cordoba\",\"isPartOf\":{\"@id\":\"https:\\\/\\\/hotelescasacordoba.com\\\/#website\"},\"primaryImageOfPage\":{\"@id\":\"https:\\\/\\\/hotelescasacordoba.com\\\/producto\\\/apartamento-1\\\/#primaryimage\"},\"image\":{\"@id\":\"https:\\\/\\\/hotelescasacordoba.com\\\/producto\\\/apartamento-1\\\/#primaryimage\"},\"thumbnailUrl\":\"https:\\\/\\\/hotelescasacordoba.com\\\/wp-content\\\/uploads\\\/2024\\\/09\\\/Cama-King-600x425-1.jpg\",\"datePublished\":\"2024-09-26T22:36:44+00:00\",\"dateModified\":\"2024-09-27T05:57:53+00:00\",\"breadcrumb\":{\"@id\":\"https:\\\/\\\/hotelescasacordoba.com\\\/producto\\\/apartamento-1\\\/#breadcrumb\"},\"inLanguage\":\"fr-FR\",\"potentialAction\":[{\"@type\":\"ReadAction\",\"target\":[\"https:\\\/\\\/hotelescasacordoba.com\\\/producto\\\/apartamento-1\\\/\"]}]},{\"@type\":\"ImageObject\",\"inLanguage\":\"fr-FR\",\"@id\":\"https:\\\/\\\/hotelescasacordoba.com\\\/producto\\\/apartamento-1\\\/#primaryimage\",\"url\":\"https:\\\/\\\/hotelescasacordoba.com\\\/wp-content\\\/uploads\\\/2024\\\/09\\\/Cama-King-600x425-1.jpg\",\"contentUrl\":\"https:\\\/\\\/hotelescasacordoba.com\\\/wp-content\\\/uploads\\\/2024\\\/09\\\/Cama-King-600x425-1.jpg\",\"width\":600,\"height\":425},{\"@type\":\"BreadcrumbList\",\"@id\":\"https:\\\/\\\/hotelescasacordoba.com\\\/producto\\\/apartamento-1\\\/#breadcrumb\",\"itemListElement\":[{\"@type\":\"ListItem\",\"position\":1,\"name\":\"Portada\",\"item\":\"https:\\\/\\\/hotelescasacordoba.com\\\/\"},{\"@type\":\"ListItem\",\"position\":2,\"name\":\"Shop\",\"item\":\"https:\\\/\\\/hotelescasacordoba.com\\\/fr\\\/shop\\\/\"},{\"@type\":\"ListItem\",\"position\":3,\"name\":\"Apartamento 1\"}]},{\"@type\":\"WebSite\",\"@id\":\"https:\\\/\\\/hotelescasacordoba.com\\\/#website\",\"url\":\"https:\\\/\\\/hotelescasacordoba.com\\\/\",\"name\":\"Hoteles Casa Cordoba\",\"description\":\"El Grupo Casa C\u00f3rdoba le ofrece una experiencia \u00fanica en Cartagena de Indias e Isla Bar\u00fa. Disfrute de la historia y encanto de la ciudad amurallada en nuestras propiedades coloniales, con sol\u00e1riums y balcones llenos de flores. O rel\u00e1jese en las paradis\u00edacas playas de Bar\u00fa, con arena blanca y aguas cristalinas. Viva lo mejor de la cultura y la naturaleza con nosotros.\",\"publisher\":{\"@id\":\"https:\\\/\\\/hotelescasacordoba.com\\\/#organization\"},\"potentialAction\":[{\"@type\":\"SearchAction\",\"target\":{\"@type\":\"EntryPoint\",\"urlTemplate\":\"https:\\\/\\\/hotelescasacordoba.com\\\/?s={search_term_string}\"},\"query-input\":{\"@type\":\"PropertyValueSpecification\",\"valueRequired\":true,\"valueName\":\"search_term_string\"}}],\"inLanguage\":\"fr-FR\"},{\"@type\":\"Organization\",\"@id\":\"https:\\\/\\\/hotelescasacordoba.com\\\/#organization\",\"name\":\"Hoteles Casa C\u00f3rdoba\",\"url\":\"https:\\\/\\\/hotelescasacordoba.com\\\/\",\"logo\":{\"@type\":\"ImageObject\",\"inLanguage\":\"fr-FR\",\"@id\":\"https:\\\/\\\/hotelescasacordoba.com\\\/#\\\/schema\\\/logo\\\/image\\\/\",\"url\":\"https:\\\/\\\/hotelescasacordoba.com\\\/wp-content\\\/uploads\\\/2021\\\/09\\\/Logo-Casa-Cordoba-2021.jpg\",\"contentUrl\":\"https:\\\/\\\/hotelescasacordoba.com\\\/wp-content\\\/uploads\\\/2021\\\/09\\\/Logo-Casa-Cordoba-2021.jpg\",\"width\":322,\"height\":386,\"caption\":\"Hoteles Casa C\u00f3rdoba\"},\"image\":{\"@id\":\"https:\\\/\\\/hotelescasacordoba.com\\\/#\\\/schema\\\/logo\\\/image\\\/\"},\"sameAs\":[\"https:\\\/\\\/www.facebook.com\\\/pages\\\/Casa-Cordoba-Estrella\\\/379947089430569\",\"https:\\\/\\\/www.instagram.com\\\/hotelescasacordoba\\\/\"]}]}<\/script>\n<!-- \/ Yoast SEO plugin. -->","yoast_head_json":{"title":"Apartamento 1 - Hoteles Casa Cordoba","robots":{"index":"index","follow":"follow","max-snippet":"max-snippet:-1","max-image-preview":"max-image-preview:large","max-video-preview":"max-video-preview:-1"},"canonical":"https:\/\/hotelescasacordoba.com\/fr\/produit\/apartamento-1\/","og_locale":"fr_FR","og_type":"article","og_title":"Apartamento 1 - Hoteles Casa Cordoba","og_description":"La Habitaci\u00f3n Cl\u00e1sica Cu\u00e1druple esta ubicada en esta bella propiedad podr\u00e1 disfrutar de un momento de descanso en su maravillosa terraza ubicada en el cuarto piso, dotada de una tranquila piscina con una vista privilegiada de la ciudad vieja o en su esplendida biblioteca situada en un majestuoso sal\u00f3n con balc\u00f3n a la calle principal.","og_url":"https:\/\/hotelescasacordoba.com\/fr\/produit\/apartamento-1\/","og_site_name":"Hoteles Casa Cordoba","article_publisher":"https:\/\/www.facebook.com\/pages\/Casa-Cordoba-Estrella\/379947089430569","article_modified_time":"2024-09-27T05:57:53+00:00","og_image":[{"width":600,"height":425,"url":"https:\/\/hotelescasacordoba.com\/wp-content\/uploads\/2024\/09\/Cama-King-600x425-1.jpg","type":"image\/jpeg"}],"twitter_card":"summary_large_image","twitter_misc":{"Dur\u00e9e de lecture estim\u00e9e":"1 minute"},"schema":{"@context":"https:\/\/schema.org","@graph":[{"@type":"WebPage","@id":"https:\/\/hotelescasacordoba.com\/producto\/apartamento-1\/","url":"https:\/\/hotelescasacordoba.com\/producto\/apartamento-1\/","name":"Apartamento 1 - Hoteles Casa Cordoba","isPartOf":{"@id":"https:\/\/hotelescasacordoba.com\/#website"},"primaryImageOfPage":{"@id":"https:\/\/hotelescasacordoba.com\/producto\/apartamento-1\/#primaryimage"},"image":{"@id":"https:\/\/hotelescasacordoba.com\/producto\/apartamento-1\/#primaryimage"},"thumbnailUrl":"https:\/\/hotelescasacordoba.com\/wp-content\/uploads\/2024\/09\/Cama-King-600x425-1.jpg","datePublished":"2024-09-26T22:36:44+00:00","dateModified":"2024-09-27T05:57:53+00:00","breadcrumb":{"@id":"https:\/\/hotelescasacordoba.com\/producto\/apartamento-1\/#breadcrumb"},"inLanguage":"fr-FR","potentialAction":[{"@type":"ReadAction","target":["https:\/\/hotelescasacordoba.com\/producto\/apartamento-1\/"]}]},{"@type":"ImageObject","inLanguage":"fr-FR","@id":"https:\/\/hotelescasacordoba.com\/producto\/apartamento-1\/#primaryimage","url":"https:\/\/hotelescasacordoba.com\/wp-content\/uploads\/2024\/09\/Cama-King-600x425-1.jpg","contentUrl":"https:\/\/hotelescasacordoba.com\/wp-content\/uploads\/2024\/09\/Cama-King-600x425-1.jpg","width":600,"height":425},{"@type":"BreadcrumbList","@id":"https:\/\/hotelescasacordoba.com\/producto\/apartamento-1\/#breadcrumb","itemListElement":[{"@type":"ListItem","position":1,"name":"Portada","item":"https:\/\/hotelescasacordoba.com\/"},{"@type":"ListItem","position":2,"name":"Shop","item":"https:\/\/hotelescasacordoba.com\/fr\/shop\/"},{"@type":"ListItem","position":3,"name":"Apartamento 1"}]},{"@type":"WebSite","@id":"https:\/\/hotelescasacordoba.com\/#website","url":"https:\/\/hotelescasacordoba.com\/","name":"Hoteles Casa Cordoba","description":"El Grupo Casa C\u00f3rdoba le ofrece una experiencia \u00fanica en Cartagena de Indias e Isla Bar\u00fa. Disfrute de la historia y encanto de la ciudad amurallada en nuestras propiedades coloniales, con sol\u00e1riums y balcones llenos de flores. O rel\u00e1jese en las paradis\u00edacas playas de Bar\u00fa, con arena blanca y aguas cristalinas. Viva lo mejor de la cultura y la naturaleza con nosotros.","publisher":{"@id":"https:\/\/hotelescasacordoba.com\/#organization"},"potentialAction":[{"@type":"SearchAction","target":{"@type":"EntryPoint","urlTemplate":"https:\/\/hotelescasacordoba.com\/?s={search_term_string}"},"query-input":{"@type":"PropertyValueSpecification","valueRequired":true,"valueName":"search_term_string"}}],"inLanguage":"fr-FR"},{"@type":"Organization","@id":"https:\/\/hotelescasacordoba.com\/#organization","name":"Hoteles Casa C\u00f3rdoba","url":"https:\/\/hotelescasacordoba.com\/","logo":{"@type":"ImageObject","inLanguage":"fr-FR","@id":"https:\/\/hotelescasacordoba.com\/#\/schema\/logo\/image\/","url":"https:\/\/hotelescasacordoba.com\/wp-content\/uploads\/2021\/09\/Logo-Casa-Cordoba-2021.jpg","contentUrl":"https:\/\/hotelescasacordoba.com\/wp-content\/uploads\/2021\/09\/Logo-Casa-Cordoba-2021.jpg","width":322,"height":386,"caption":"Hoteles Casa C\u00f3rdoba"},"image":{"@id":"https:\/\/hotelescasacordoba.com\/#\/schema\/logo\/image\/"},"sameAs":["https:\/\/www.facebook.com\/pages\/Casa-Cordoba-Estrella\/379947089430569","https:\/\/www.instagram.com\/hotelescasacordoba\/"]}]}},"_links":{"self":[{"href":"https:\/\/hotelescasacordoba.com\/fr\/wp-json\/wp\/v2\/product\/7324","targetHints":{"allow":["GET"]}}],"collection":[{"href":"https:\/\/hotelescasacordoba.com\/fr\/wp-json\/wp\/v2\/product"}],"about":[{"href":"https:\/\/hotelescasacordoba.com\/fr\/wp-json\/wp\/v2\/types\/product"}],"replies":[{"embeddable":true,"href":"https:\/\/hotelescasacordoba.com\/fr\/wp-json\/wp\/v2\/comments?post=7324"}],"wp:featuredmedia":[{"embeddable":true,"href":"https:\/\/hotelescasacordoba.com\/fr\/wp-json\/wp\/v2\/media\/7327"}],"wp:attachment":[{"href":"https:\/\/hotelescasacordoba.com\/fr\/wp-json\/wp\/v2\/media?parent=7324"}],"wp:term":[{"taxonomy":"product_brand","embeddable":true,"href":"https:\/\/hotelescasacordoba.com\/fr\/wp-json\/wp\/v2\/product_brand?post=7324"},{"taxonomy":"product_cat","embeddable":true,"href":"https:\/\/hotelescasacordoba.com\/fr\/wp-json\/wp\/v2\/product_cat?post=7324"},{"taxonomy":"product_tag","embeddable":true,"href":"https:\/\/hotelescasacordoba.com\/fr\/wp-json\/wp\/v2\/product_tag?post=7324"}],"curies":[{"name":"wp","href":"https:\/\/api.w.org\/{rel}","templated":true}]}}